{"id":15921,"date":"2024-12-01T21:06:19","date_gmt":"2024-12-01T18:06:19","guid":{"rendered":"http:\/\/umginsaat.com\/?page_id=15921"},"modified":"2024-12-01T21:08:31","modified_gmt":"2024-12-01T18:08:31","slug":"guvenli-depreme-dayanikli-yapilar","status":"publish","type":"page","link":"http:\/\/umginsaat.com\/index.php\/guvenli-depreme-dayanikli-yapilar\/","title":{"rendered":"G\u00fcvenli Depreme Dayan\u0131kl\u0131 Yap\u0131lar"},"content":{"rendered":"\t\t<div data-elementor-type=\"wp-page\" data-elementor-id=\"15921\" class=\"elementor elementor-15921\">\n\t\t\t\t<div class=\"elementor-element elementor-element-a156ac8 e-con-full e-flex e-con e-parent\" data-id=\"a156ac8\" data-element_type=\"container\" data-e-type=\"container\">\n\t\t\t\t<div class=\"elementor-element elementor-element-0e74ebe text-center color-scheme-inherit elementor-widget elementor-widget-text-editor\" data-id=\"0e74ebe\" data-element_type=\"widget\" data-e-type=\"widget\" data-widget_type=\"text-editor.default\">\n\t\t\t\t<div class=\"elementor-widget-container\">\n\t\t\t\t\t\t\t\t\t<p>\u00a0 \u00a0 \u00a0UMG \u0130n\u015faat, sa\u011flam ve g\u00fcvenli yap\u0131lar in\u015fa etme konusundaki kararl\u0131l\u0131\u011f\u0131yla sekt\u00f6rde \u00f6ne \u00e7\u0131kmaktad\u0131r. \u015eirket, modern m\u00fchendislik tekniklerini ve kaliteli malzemeleri kullanarak hem estetik hem de dayan\u0131kl\u0131 yap\u0131lar \u00fcretmeyi hedefler. Deprem gibi do\u011fal afetlere kar\u015f\u0131 dayan\u0131kl\u0131l\u0131\u011f\u0131 \u00f6n planda tutan UMG \u0130n\u015faat, t\u00fcm projelerinde ulusal ve uluslararas\u0131 standartlara uygun bir yakla\u015f\u0131m sergiler. G\u00fcvenlik, yaln\u0131zca bir kriter de\u011fil, ayn\u0131 zamanda \u015firketin temel de\u011ferlerinden biridir. UMG \u0130n\u015faat, insan ya\u015fam\u0131n\u0131 merkeze alarak gelece\u011fe g\u00fcvenle bakan yap\u0131lar in\u015fa etmeye devam etmektedir.<\/p>\t\t\t\t\t\t\t\t<\/div>\n\t\t\t\t<\/div>\n\t\t\t\t<\/div>\n\t\t\t\t<\/div>\n\t\t","protected":false},"excerpt":{"rendered":"<p>\u00a0 \u00a0 \u00a0UMG \u0130n\u015faat, sa\u011flam ve g\u00fcvenli yap\u0131lar in\u015fa etme konusundaki kararl\u0131l\u0131\u011f\u0131yla sekt\u00f6rde \u00f6ne \u00e7\u0131kmaktad\u0131r. \u015eirket, modern m\u00fchendislik tekniklerini ve<\/p>\n","protected":false},"author":1,"featured_media":0,"parent":0,"menu_order":0,"comment_status":"closed","ping_status":"closed","template":"","meta":{"footnotes":""},"class_list":["post-15921","page","type-page","status-publish","hentry"],"_links":{"self":[{"href":"http:\/\/umginsaat.com\/index.php\/wp-json\/wp\/v2\/pages\/15921","targetHints":{"allow":["GET"]}}],"collection":[{"href":"http:\/\/umginsaat.com\/index.php\/wp-json\/wp\/v2\/pages"}],"about":[{"href":"http:\/\/umginsaat.com\/index.php\/wp-json\/wp\/v2\/types\/page"}],"author":[{"embeddable":true,"href":"http:\/\/umginsaat.com\/index.php\/wp-json\/wp\/v2\/users\/1"}],"replies":[{"embeddable":true,"href":"http:\/\/umginsaat.com\/index.php\/wp-json\/wp\/v2\/comments?post=15921"}],"version-history":[{"count":7,"href":"http:\/\/umginsaat.com\/index.php\/wp-json\/wp\/v2\/pages\/15921\/revisions"}],"predecessor-version":[{"id":15929,"href":"http:\/\/umginsaat.com\/index.php\/wp-json\/wp\/v2\/pages\/15921\/revisions\/15929"}],"wp:attachment":[{"href":"http:\/\/umginsaat.com\/index.php\/wp-json\/wp\/v2\/media?parent=15921"}],"curies":[{"name":"wp","href":"https:\/\/api.w.org\/{rel}","templated":true}]}}